{"id":1018,"date":"2021-11-16T11:30:34","date_gmt":"2021-11-16T10:30:34","guid":{"rendered":"https:\/\/worldjumping.com\/?post_type=product&#038;p=1018"},"modified":"2026-03-13T14:56:07","modified_gmt":"2026-03-13T13:56:07","slug":"spider-studio-basic-trampoline-pink","status":"publish","type":"product","link":"https:\/\/worldjumping.com\/sk\/product\/spider-studio-basic-trampoline-pink\/","title":{"rendered":"SPIDER Studio Basic trampoline &#8211; Pink"},"content":{"rendered":"<p>Sk\u00famali sme a vyvinuli sme vynikaj\u00facu \u0161pi\u010dkov\u00fa trampol\u00ednu, ktor\u00fa u\u017e nieko\u013eko rokov pon\u00fakame v\u00fdhradne pre \u0161peci\u00e1lne JUMPINGOV\u00c9 \u0161porty.<\/p>\n<p>Technick\u00e9 vlastnosti n\u00e1\u0161ho vybavenia zais\u0165uj\u00fa trvalo dokonal\u00fa a zdrav\u00fa techniku sk\u00e1kania.<\/p>\n<p>&nbsp;<\/p>\n<p>original professional WORLD JUMPING highspeed trampoline<br \/>\n&#8220;SPIDER STUDIO STANDARD&#8221;<\/p>\n<p>Trampol\u00edna pre skupinov\u00e9 cvi\u010denie pozost\u00e1va z uzavret\u00e9ho oce\u013eov\u00e9ho r\u00e1mu v tvare osemuholn\u00edka. Svoj\u00edm neobvykl\u00fdm tvarom pripom\u00edna \u201epav\u00fa\u010die nohy\u201c, v\u010faka ktor\u00fdm trampol\u00edna poskytuje lep\u0161iu stabilitu a umo\u017e\u0148uje stohovanie. Sk\u00e1kanie je pripevnen\u00e9 k r\u00e1mu pomocou z\u00e1vesn\u00e9ho prvku \u2013 gumen\u00e9ho p\u00e1su. \u0160peci\u00e1lny gumen\u00fd p\u00e1s s vysokou roz\u0165a\u017enos\u0165ou zais\u0165uje dynamick\u00fd a plynul\u00fd pohyb. Trampol\u00edny s\u00fa ur\u010den\u00e9 pre pou\u017eitie vo fitness centr\u00e1ch, hotelov\u00fdch centr\u00e1ch a wellness centr\u00e1ch, \u0161kol\u00e1ch a na dom\u00e1ce pou\u017eitie.<\/p>\n<p>&nbsp;<\/p>\n<p><strong>&gt;&gt; German engineering<\/strong><br \/>\n<strong>&gt;&gt; German quality-standards<\/strong><br \/>\n<strong>&gt;&gt; We produce in the EU<\/strong><br \/>\n<strong>&gt;&gt; Certified brand quality<\/strong><\/p>\n<p>&nbsp;<\/p>\n<p><img decoding=\"async\" class=\"alignnone wp-image-804\" src=\"https:\/\/worldjumping.com\/wp-content\/uploads\/2019\/08\/tuv-150x150.png\" alt=\"tuv\" width=\"151\" height=\"151\" \/><\/p>\n<p>&nbsp;<\/p>","protected":false},"excerpt":{"rendered":"<p>Profesion\u00e1lna fitness trampol\u00edna bez rukov\u00e4te a exkluz\u00edvneho dizajnu.<\/p>\n<p>Tieto trampol\u00edny odpor\u00fa\u010dame ako pre skupinov\u00e9 aktivity vo fitness centre, tak aj pre dom\u00e1ce pou\u017eitie. Pon\u00fakame exkluz\u00edvny z\u00e1ru\u010dn\u00fd a poz\u00e1ru\u010dn\u00fd servis.<\/p>\n<p><strong>Na\u0161e z\u00e1ru\u010dn\u00e9 podmienky:<\/strong><\/p>\n<ul>\n<li><strong>Steel construction \u2013 6 years<\/strong><\/li>\n<li><strong>Jumping mat \u2013 6 years<\/strong><\/li>\n<li><strong>Rubber belt \u2013 up to 200 jumping hours<\/strong><\/li>\n<\/ul>\n<p>Product is MADE IN EU.<\/p>\n<p><span style=\"color: #ff0000;\"><strong>V pr\u00edpade z\u00e1ujmu o v\u00e4\u010d\u0161\u00ed po\u010det kusov n\u00e1s kontaktujte na tel <a style=\"color: #ff0000;\" href=\"mailto:info@worldjumping.com\">info@worldjumping.com<\/a><\/strong><\/span><\/p>","protected":false},"featured_media":1019,"comment_status":"open","ping_status":"closed","template":"","meta":{"_monsterinsights_skip_tracking":false,"_monsterinsights_sitenote_active":false,"_monsterinsights_sitenote_note":"","_monsterinsights_sitenote_category":0},"product_brand":[],"product_cat":[27],"product_tag":[66,64,28,29,31,32],"class_list":{"0":"post-1018","1":"product","2":"type-product","3":"status-publish","4":"has-post-thumbnail","6":"product_cat-trampolines","7":"product_tag-basic","8":"product_tag-pink","9":"product_tag-spider","10":"product_tag-studio","11":"product_tag-trampoline","12":"product_tag-worldjumping","13":"aux-has-gallery","15":"first","16":"instock","17":"shipping-taxable","18":"purchasable","19":"product-type-simple"},"yoast_head":"<!-- This site is optimized with the Yoast SEO plugin v26.4 - https:\/\/yoast.com\/wordpress\/plugins\/seo\/ -->\n<title>SPIDER Studio Basic trampoline - Pink - World Jumping<\/title>\n<meta name=\"robots\" content=\"index, follow, max-snippet:-1, max-image-preview:large, max-video-preview:-1\" \/>\n<link rel=\"canonical\" href=\"https:\/\/worldjumping.com\/sk\/produkt\/spider-studio-basic-trampoline-pink\/\" \/>\n<meta property=\"og:locale\" content=\"sk_SK\" \/>\n<meta property=\"og:type\" content=\"article\" \/>\n<meta property=\"og:title\" content=\"SPIDER Studio Basic trampoline - Pink - World Jumping\" \/>\n<meta property=\"og:description\" content=\"Professional fitness trampoline without handle and exclusive design.  These trampolines are recommended as for group activities in fitness center as for home using. We offer exclusive warranty and post-warranty servis.  Our warranty conditions:   Steel construction \u2013 6 years  Jumping mat \u2013 6 years  Rubber belt \u2013 up to 200 jumping hours  Product is MADE IN EU.  If you are interested in a larger number of pieces, contact us at info@worldjumping.com\" \/>\n<meta property=\"og:url\" content=\"https:\/\/worldjumping.com\/sk\/produkt\/spider-studio-basic-trampoline-pink\/\" \/>\n<meta property=\"og:site_name\" content=\"World Jumping\" \/>\n<meta property=\"article:modified_time\" content=\"2026-03-13T13:56:07+00:00\" \/>\n<meta property=\"og:image\" content=\"https:\/\/worldjumping.com\/wp-content\/uploads\/2021\/11\/pink-side_1.png\" \/>\n\t<meta property=\"og:image:width\" content=\"768\" \/>\n\t<meta property=\"og:image:height\" content=\"1021\" \/>\n\t<meta property=\"og:image:type\" content=\"image\/png\" \/>\n<meta name=\"twitter:card\" content=\"summary_large_image\" \/>\n<meta name=\"twitter:label1\" content=\"Predpokladan\u00fd \u010das \u010d\u00edtania\" \/>\n\t<meta name=\"twitter:data1\" content=\"1 min\u00fata\" \/>\n<script type=\"application\/ld+json\" class=\"yoast-schema-graph\">{\"@context\":\"https:\/\/schema.org\",\"@graph\":[{\"@type\":\"WebPage\",\"@id\":\"https:\/\/worldjumping.com\/product\/spider-studio-basic-trampoline-pink\/\",\"url\":\"https:\/\/worldjumping.com\/product\/spider-studio-basic-trampoline-pink\/\",\"name\":\"SPIDER Studio Basic trampoline - Pink - World Jumping\",\"isPartOf\":{\"@id\":\"https:\/\/worldjumping.com\/#website\"},\"primaryImageOfPage\":{\"@id\":\"https:\/\/worldjumping.com\/product\/spider-studio-basic-trampoline-pink\/#primaryimage\"},\"image\":{\"@id\":\"https:\/\/worldjumping.com\/product\/spider-studio-basic-trampoline-pink\/#primaryimage\"},\"thumbnailUrl\":\"https:\/\/worldjumping.com\/wp-content\/uploads\/2021\/11\/pink-side_1.png\",\"datePublished\":\"2021-11-16T10:30:34+00:00\",\"dateModified\":\"2026-03-13T13:56:07+00:00\",\"breadcrumb\":{\"@id\":\"https:\/\/worldjumping.com\/product\/spider-studio-basic-trampoline-pink\/#breadcrumb\"},\"inLanguage\":\"sk-SK\",\"potentialAction\":[{\"@type\":\"ReadAction\",\"target\":[\"https:\/\/worldjumping.com\/product\/spider-studio-basic-trampoline-pink\/\"]}]},{\"@type\":\"ImageObject\",\"inLanguage\":\"sk-SK\",\"@id\":\"https:\/\/worldjumping.com\/product\/spider-studio-basic-trampoline-pink\/#primaryimage\",\"url\":\"https:\/\/worldjumping.com\/wp-content\/uploads\/2021\/11\/pink-side_1.png\",\"contentUrl\":\"https:\/\/worldjumping.com\/wp-content\/uploads\/2021\/11\/pink-side_1.png\",\"width\":768,\"height\":1021},{\"@type\":\"BreadcrumbList\",\"@id\":\"https:\/\/worldjumping.com\/product\/spider-studio-basic-trampoline-pink\/#breadcrumb\",\"itemListElement\":[{\"@type\":\"ListItem\",\"position\":1,\"name\":\"Home\",\"item\":\"https:\/\/worldjumping.com\/\"},{\"@type\":\"ListItem\",\"position\":2,\"name\":\"Shop\",\"item\":\"https:\/\/worldjumping.com\/shop\/\"},{\"@type\":\"ListItem\",\"position\":3,\"name\":\"SPIDER Studio Basic trampoline &#8211; Pink\"}]},{\"@type\":\"WebSite\",\"@id\":\"https:\/\/worldjumping.com\/#website\",\"url\":\"https:\/\/worldjumping.com\/\",\"name\":\"World Jumping\",\"description\":\"Jump Up Your Life !\",\"publisher\":{\"@id\":\"https:\/\/worldjumping.com\/#organization\"},\"potentialAction\":[{\"@type\":\"SearchAction\",\"target\":{\"@type\":\"EntryPoint\",\"urlTemplate\":\"https:\/\/worldjumping.com\/?s={search_term_string}\"},\"query-input\":{\"@type\":\"PropertyValueSpecification\",\"valueRequired\":true,\"valueName\":\"search_term_string\"}}],\"inLanguage\":\"sk-SK\"},{\"@type\":\"Organization\",\"@id\":\"https:\/\/worldjumping.com\/#organization\",\"name\":\"World Jumping\",\"url\":\"https:\/\/worldjumping.com\/\",\"logo\":{\"@type\":\"ImageObject\",\"inLanguage\":\"sk-SK\",\"@id\":\"https:\/\/worldjumping.com\/#\/schema\/logo\/image\/\",\"url\":\"https:\/\/worldjumping.com\/wp-content\/uploads\/2018\/05\/logo_WJP_W_R.png\",\"contentUrl\":\"https:\/\/worldjumping.com\/wp-content\/uploads\/2018\/05\/logo_WJP_W_R.png\",\"width\":300,\"height\":133,\"caption\":\"World Jumping\"},\"image\":{\"@id\":\"https:\/\/worldjumping.com\/#\/schema\/logo\/image\/\"}}]}<\/script>\n<!-- \/ Yoast SEO plugin. -->","yoast_head_json":{"title":"SPIDER Studio Basic trampoline - Pink - World Jumping","robots":{"index":"index","follow":"follow","max-snippet":"max-snippet:-1","max-image-preview":"max-image-preview:large","max-video-preview":"max-video-preview:-1"},"canonical":"https:\/\/worldjumping.com\/sk\/produkt\/spider-studio-basic-trampoline-pink\/","og_locale":"sk_SK","og_type":"article","og_title":"SPIDER Studio Basic trampoline - Pink - World Jumping","og_description":"Professional fitness trampoline without handle and exclusive design.  These trampolines are recommended as for group activities in fitness center as for home using. We offer exclusive warranty and post-warranty servis.  Our warranty conditions:   Steel construction \u2013 6 years  Jumping mat \u2013 6 years  Rubber belt \u2013 up to 200 jumping hours  Product is MADE IN EU.  If you are interested in a larger number of pieces, contact us at info@worldjumping.com","og_url":"https:\/\/worldjumping.com\/sk\/produkt\/spider-studio-basic-trampoline-pink\/","og_site_name":"World Jumping","article_modified_time":"2026-03-13T13:56:07+00:00","og_image":[{"width":768,"height":1021,"url":"https:\/\/worldjumping.com\/wp-content\/uploads\/2021\/11\/pink-side_1.png","type":"image\/png"}],"twitter_card":"summary_large_image","twitter_misc":{"Predpokladan\u00fd \u010das \u010d\u00edtania":"1 min\u00fata"},"schema":{"@context":"https:\/\/schema.org","@graph":[{"@type":"WebPage","@id":"https:\/\/worldjumping.com\/product\/spider-studio-basic-trampoline-pink\/","url":"https:\/\/worldjumping.com\/product\/spider-studio-basic-trampoline-pink\/","name":"SPIDER Studio Basic trampoline - Pink - World Jumping","isPartOf":{"@id":"https:\/\/worldjumping.com\/#website"},"primaryImageOfPage":{"@id":"https:\/\/worldjumping.com\/product\/spider-studio-basic-trampoline-pink\/#primaryimage"},"image":{"@id":"https:\/\/worldjumping.com\/product\/spider-studio-basic-trampoline-pink\/#primaryimage"},"thumbnailUrl":"https:\/\/worldjumping.com\/wp-content\/uploads\/2021\/11\/pink-side_1.png","datePublished":"2021-11-16T10:30:34+00:00","dateModified":"2026-03-13T13:56:07+00:00","breadcrumb":{"@id":"https:\/\/worldjumping.com\/product\/spider-studio-basic-trampoline-pink\/#breadcrumb"},"inLanguage":"sk-SK","potentialAction":[{"@type":"ReadAction","target":["https:\/\/worldjumping.com\/product\/spider-studio-basic-trampoline-pink\/"]}]},{"@type":"ImageObject","inLanguage":"sk-SK","@id":"https:\/\/worldjumping.com\/product\/spider-studio-basic-trampoline-pink\/#primaryimage","url":"https:\/\/worldjumping.com\/wp-content\/uploads\/2021\/11\/pink-side_1.png","contentUrl":"https:\/\/worldjumping.com\/wp-content\/uploads\/2021\/11\/pink-side_1.png","width":768,"height":1021},{"@type":"BreadcrumbList","@id":"https:\/\/worldjumping.com\/product\/spider-studio-basic-trampoline-pink\/#breadcrumb","itemListElement":[{"@type":"ListItem","position":1,"name":"Home","item":"https:\/\/worldjumping.com\/"},{"@type":"ListItem","position":2,"name":"Shop","item":"https:\/\/worldjumping.com\/shop\/"},{"@type":"ListItem","position":3,"name":"SPIDER Studio Basic trampoline &#8211; Pink"}]},{"@type":"WebSite","@id":"https:\/\/worldjumping.com\/#website","url":"https:\/\/worldjumping.com\/","name":"World Jumping","description":"Jump Up Your Life !","publisher":{"@id":"https:\/\/worldjumping.com\/#organization"},"potentialAction":[{"@type":"SearchAction","target":{"@type":"EntryPoint","urlTemplate":"https:\/\/worldjumping.com\/?s={search_term_string}"},"query-input":{"@type":"PropertyValueSpecification","valueRequired":true,"valueName":"search_term_string"}}],"inLanguage":"sk-SK"},{"@type":"Organization","@id":"https:\/\/worldjumping.com\/#organization","name":"World Jumping","url":"https:\/\/worldjumping.com\/","logo":{"@type":"ImageObject","inLanguage":"sk-SK","@id":"https:\/\/worldjumping.com\/#\/schema\/logo\/image\/","url":"https:\/\/worldjumping.com\/wp-content\/uploads\/2018\/05\/logo_WJP_W_R.png","contentUrl":"https:\/\/worldjumping.com\/wp-content\/uploads\/2018\/05\/logo_WJP_W_R.png","width":300,"height":133,"caption":"World Jumping"},"image":{"@id":"https:\/\/worldjumping.com\/#\/schema\/logo\/image\/"}}]}},"_links":{"self":[{"href":"https:\/\/worldjumping.com\/sk\/wp-json\/wp\/v2\/product\/1018","targetHints":{"allow":["GET"]}}],"collection":[{"href":"https:\/\/worldjumping.com\/sk\/wp-json\/wp\/v2\/product"}],"about":[{"href":"https:\/\/worldjumping.com\/sk\/wp-json\/wp\/v2\/types\/product"}],"replies":[{"embeddable":true,"href":"https:\/\/worldjumping.com\/sk\/wp-json\/wp\/v2\/comments?post=1018"}],"wp:featuredmedia":[{"embeddable":true,"href":"https:\/\/worldjumping.com\/sk\/wp-json\/wp\/v2\/media\/1019"}],"wp:attachment":[{"href":"https:\/\/worldjumping.com\/sk\/wp-json\/wp\/v2\/media?parent=1018"}],"wp:term":[{"taxonomy":"product_brand","embeddable":true,"href":"https:\/\/worldjumping.com\/sk\/wp-json\/wp\/v2\/product_brand?post=1018"},{"taxonomy":"product_cat","embeddable":true,"href":"https:\/\/worldjumping.com\/sk\/wp-json\/wp\/v2\/product_cat?post=1018"},{"taxonomy":"product_tag","embeddable":true,"href":"https:\/\/worldjumping.com\/sk\/wp-json\/wp\/v2\/product_tag?post=1018"}],"curies":[{"name":"wp","href":"https:\/\/api.w.org\/{rel}","templated":true}]}}