{"id":1033,"date":"2019-11-21T11:01:41","date_gmt":"2019-11-21T10:01:41","guid":{"rendered":"https:\/\/worldjumping.com\/?post_type=product&#038;p=1033"},"modified":"2021-11-22T12:23:10","modified_gmt":"2021-11-22T11:23:10","slug":"marina-leggings-black-red-yellow","status":"publish","type":"product","link":"https:\/\/worldjumping.com\/sk\/product\/marina-leggings-black-red-yellow\/","title":{"rendered":"Leg\u00edny Marina \u010dierna\/\u010derven\u00e1\/\u017elt\u00e1"},"content":{"rendered":"<p>&gt;&gt; Farebn\u00e9 vari\u00e1cie: \u010dierna\/\u010derven\u00e1\/\u017elt\u00e1<br \/>\n&gt;&gt; \u0160ed\u00fd n\u00e1pis<br \/>\n&gt;&gt; Dlh\u00e9 leg\u00edny<br \/>\n&gt;&gt;  Slim-fit<br \/>\n&gt;&gt;  Logo: World Jumping<\/p>\n<p>&nbsp;<\/p>\n<p><img decoding=\"async\" class=\"alignnone size-full wp-image-1040\" src=\"https:\/\/worldjumping.com\/wp-content\/uploads\/2021\/11\/morea.jpeg\" alt=\"\" width=\"175\" height=\"108\" \/><\/p>\n<p><img decoding=\"async\" class=\"alignnone wp-image-1046\" src=\"https:\/\/worldjumping.com\/wp-content\/uploads\/2021\/11\/Excellent-UV-protection.png\" alt=\"\" width=\"55\" height=\"55\" srcset=\"https:\/\/worldjumping.com\/wp-content\/uploads\/2021\/11\/Excellent-UV-protection.png 105w, https:\/\/worldjumping.com\/wp-content\/uploads\/2021\/11\/Excellent-UV-protection-100x100.png 100w\" sizes=\"(max-width: 55px) 100vw, 55px\" \/> <img decoding=\"async\" class=\"alignnone wp-image-1045\" src=\"https:\/\/worldjumping.com\/wp-content\/uploads\/2021\/11\/Brushed.png\" alt=\"\" width=\"55\" height=\"55\" srcset=\"https:\/\/worldjumping.com\/wp-content\/uploads\/2021\/11\/Brushed.png 105w, https:\/\/worldjumping.com\/wp-content\/uploads\/2021\/11\/Brushed-100x100.png 100w\" sizes=\"(max-width: 55px) 100vw, 55px\" \/> <img loading=\"lazy\" decoding=\"async\" class=\"alignnone wp-image-1044\" src=\"https:\/\/worldjumping.com\/wp-content\/uploads\/2021\/11\/Perfect-fit.png\" alt=\"\" width=\"55\" height=\"55\" srcset=\"https:\/\/worldjumping.com\/wp-content\/uploads\/2021\/11\/Perfect-fit.png 105w, https:\/\/worldjumping.com\/wp-content\/uploads\/2021\/11\/Perfect-fit-100x100.png 100w\" sizes=\"(max-width: 55px) 100vw, 55px\" \/> <img loading=\"lazy\" decoding=\"async\" class=\"alignnone wp-image-1043\" src=\"https:\/\/worldjumping.com\/wp-content\/uploads\/2021\/11\/Shape-retention.png\" alt=\"\" width=\"55\" height=\"55\" srcset=\"https:\/\/worldjumping.com\/wp-content\/uploads\/2021\/11\/Shape-retention.png 105w, https:\/\/worldjumping.com\/wp-content\/uploads\/2021\/11\/Shape-retention-100x100.png 100w\" sizes=\"(max-width: 55px) 100vw, 55px\" \/> <img loading=\"lazy\" decoding=\"async\" class=\"alignnone wp-image-1042\" src=\"https:\/\/worldjumping.com\/wp-content\/uploads\/2021\/11\/Soft.png\" alt=\"\" width=\"55\" height=\"55\" srcset=\"https:\/\/worldjumping.com\/wp-content\/uploads\/2021\/11\/Soft.png 105w, https:\/\/worldjumping.com\/wp-content\/uploads\/2021\/11\/Soft-100x100.png 100w\" sizes=\"(max-width: 55px) 100vw, 55px\" \/> <img loading=\"lazy\" decoding=\"async\" class=\"alignnone wp-image-1041\" src=\"https:\/\/worldjumping.com\/wp-content\/uploads\/2021\/11\/Two-way-stretch.png\" alt=\"\" width=\"55\" height=\"55\" srcset=\"https:\/\/worldjumping.com\/wp-content\/uploads\/2021\/11\/Two-way-stretch.png 105w, https:\/\/worldjumping.com\/wp-content\/uploads\/2021\/11\/Two-way-stretch-100x100.png 100w\" sizes=\"(max-width: 55px) 100vw, 55px\" \/><\/p>\n<p>&nbsp;<\/p>\n<p><a href=\"https:\/\/worldjumping.com\/wp-content\/uploads\/2021\/11\/size-chart_W8-1024x669-1.jpeg\"><img loading=\"lazy\" decoding=\"async\" class=\"alignnone wp-image-1047\" src=\"https:\/\/worldjumping.com\/wp-content\/uploads\/2021\/11\/size-chart_W8-1024x669-1.jpeg\" alt=\"\" width=\"494\" height=\"323\" srcset=\"https:\/\/worldjumping.com\/wp-content\/uploads\/2021\/11\/size-chart_W8-1024x669-1.jpeg 1024w, https:\/\/worldjumping.com\/wp-content\/uploads\/2021\/11\/size-chart_W8-1024x669-1-300x196.jpeg 300w, https:\/\/worldjumping.com\/wp-content\/uploads\/2021\/11\/size-chart_W8-1024x669-1-600x392.jpeg 600w\" sizes=\"(max-width: 494px) 100vw, 494px\" \/><\/a><\/p>","protected":false},"excerpt":{"rendered":"<p><strong>ELASTANE (LYCRA<sup>\u00ae<\/sup> EXTRALIFE)<\/strong><\/p>\n<p>LEG\u00cdNY MARINA \u2013 Exkluz\u00edvne \u0161portov\u00e9 leg\u00edny slim strihu, kvalitn\u00fd materi\u00e1l, priliehav\u00fd strih a zais\u0165uj\u00fa pohodlie pri tr\u00e9ningu. Dokonal\u00e9 tvarovanie postavy a trendy dizajn.<\/p>","protected":false},"featured_media":1034,"comment_status":"open","ping_status":"closed","template":"","meta":{"_monsterinsights_skip_tracking":false,"_monsterinsights_sitenote_active":false,"_monsterinsights_sitenote_note":"","_monsterinsights_sitenote_category":0},"product_brand":[],"product_cat":[68,69],"product_tag":[],"class_list":{"0":"post-1033","1":"product","2":"type-product","3":"status-publish","4":"has-post-thumbnail","6":"product_cat-clothes","7":"product_cat-leggings","8":"aux-has-gallery","10":"first","11":"instock","12":"shipping-taxable","13":"purchasable","14":"product-type-variable"},"yoast_head":"<!-- This site is optimized with the Yoast SEO plugin v26.4 - https:\/\/yoast.com\/wordpress\/plugins\/seo\/ -->\n<title>Marina Leggings Black\/Red\/Yellow - World Jumping<\/title>\n<meta name=\"robots\" content=\"index, follow, max-snippet:-1, max-image-preview:large, max-video-preview:-1\" \/>\n<link rel=\"canonical\" href=\"https:\/\/worldjumping.com\/sk\/produkt\/marina-leggings-black-red-yellow\/\" \/>\n<meta property=\"og:locale\" content=\"sk_SK\" \/>\n<meta property=\"og:type\" content=\"article\" \/>\n<meta property=\"og:title\" content=\"Marina Leggings Black\/Red\/Yellow - World Jumping\" \/>\n<meta property=\"og:description\" content=\"ELASTANE (LYCRA\u00ae EXTRALIFE)  MARINA LEGGINGS \u2013 Exclusive Sports slim-fit leggings, high quality material, its skin-tight fit and ensures comfort for your training. Perfect body shaping and trendy design.\" \/>\n<meta property=\"og:url\" content=\"https:\/\/worldjumping.com\/sk\/produkt\/marina-leggings-black-red-yellow\/\" \/>\n<meta property=\"og:site_name\" content=\"World Jumping\" \/>\n<meta property=\"article:modified_time\" content=\"2021-11-22T11:23:10+00:00\" \/>\n<meta property=\"og:image\" content=\"https:\/\/worldjumping.com\/wp-content\/uploads\/2021\/11\/new-leg-1.jpg\" \/>\n\t<meta property=\"og:image:width\" content=\"1280\" \/>\n\t<meta property=\"og:image:height\" content=\"1920\" \/>\n\t<meta property=\"og:image:type\" content=\"image\/jpeg\" \/>\n<meta name=\"twitter:card\" content=\"summary_large_image\" \/>\n<script type=\"application\/ld+json\" class=\"yoast-schema-graph\">{\"@context\":\"https:\/\/schema.org\",\"@graph\":[{\"@type\":\"WebPage\",\"@id\":\"https:\/\/worldjumping.com\/product\/marina-leggings-black-red-yellow\/\",\"url\":\"https:\/\/worldjumping.com\/product\/marina-leggings-black-red-yellow\/\",\"name\":\"Marina Leggings Black\/Red\/Yellow - World Jumping\",\"isPartOf\":{\"@id\":\"https:\/\/worldjumping.com\/#website\"},\"primaryImageOfPage\":{\"@id\":\"https:\/\/worldjumping.com\/product\/marina-leggings-black-red-yellow\/#primaryimage\"},\"image\":{\"@id\":\"https:\/\/worldjumping.com\/product\/marina-leggings-black-red-yellow\/#primaryimage\"},\"thumbnailUrl\":\"https:\/\/worldjumping.com\/wp-content\/uploads\/2021\/11\/new-leg-1.jpg\",\"datePublished\":\"2019-11-21T10:01:41+00:00\",\"dateModified\":\"2021-11-22T11:23:10+00:00\",\"breadcrumb\":{\"@id\":\"https:\/\/worldjumping.com\/product\/marina-leggings-black-red-yellow\/#breadcrumb\"},\"inLanguage\":\"sk-SK\",\"potentialAction\":[{\"@type\":\"ReadAction\",\"target\":[\"https:\/\/worldjumping.com\/product\/marina-leggings-black-red-yellow\/\"]}]},{\"@type\":\"ImageObject\",\"inLanguage\":\"sk-SK\",\"@id\":\"https:\/\/worldjumping.com\/product\/marina-leggings-black-red-yellow\/#primaryimage\",\"url\":\"https:\/\/worldjumping.com\/wp-content\/uploads\/2021\/11\/new-leg-1.jpg\",\"contentUrl\":\"https:\/\/worldjumping.com\/wp-content\/uploads\/2021\/11\/new-leg-1.jpg\",\"width\":1280,\"height\":1920},{\"@type\":\"BreadcrumbList\",\"@id\":\"https:\/\/worldjumping.com\/product\/marina-leggings-black-red-yellow\/#breadcrumb\",\"itemListElement\":[{\"@type\":\"ListItem\",\"position\":1,\"name\":\"Home\",\"item\":\"https:\/\/worldjumping.com\/\"},{\"@type\":\"ListItem\",\"position\":2,\"name\":\"Shop\",\"item\":\"https:\/\/worldjumping.com\/shop\/\"},{\"@type\":\"ListItem\",\"position\":3,\"name\":\"Marina Leggings Black\/Red\/Yellow\"}]},{\"@type\":\"WebSite\",\"@id\":\"https:\/\/worldjumping.com\/#website\",\"url\":\"https:\/\/worldjumping.com\/\",\"name\":\"World Jumping\",\"description\":\"Jump Up Your Life !\",\"publisher\":{\"@id\":\"https:\/\/worldjumping.com\/#organization\"},\"potentialAction\":[{\"@type\":\"SearchAction\",\"target\":{\"@type\":\"EntryPoint\",\"urlTemplate\":\"https:\/\/worldjumping.com\/?s={search_term_string}\"},\"query-input\":{\"@type\":\"PropertyValueSpecification\",\"valueRequired\":true,\"valueName\":\"search_term_string\"}}],\"inLanguage\":\"sk-SK\"},{\"@type\":\"Organization\",\"@id\":\"https:\/\/worldjumping.com\/#organization\",\"name\":\"World Jumping\",\"url\":\"https:\/\/worldjumping.com\/\",\"logo\":{\"@type\":\"ImageObject\",\"inLanguage\":\"sk-SK\",\"@id\":\"https:\/\/worldjumping.com\/#\/schema\/logo\/image\/\",\"url\":\"https:\/\/worldjumping.com\/wp-content\/uploads\/2018\/05\/logo_WJP_W_R.png\",\"contentUrl\":\"https:\/\/worldjumping.com\/wp-content\/uploads\/2018\/05\/logo_WJP_W_R.png\",\"width\":300,\"height\":133,\"caption\":\"World Jumping\"},\"image\":{\"@id\":\"https:\/\/worldjumping.com\/#\/schema\/logo\/image\/\"}}]}<\/script>\n<!-- \/ Yoast SEO plugin. -->","yoast_head_json":{"title":"Marina Leggings Black\/Red\/Yellow - World Jumping","robots":{"index":"index","follow":"follow","max-snippet":"max-snippet:-1","max-image-preview":"max-image-preview:large","max-video-preview":"max-video-preview:-1"},"canonical":"https:\/\/worldjumping.com\/sk\/produkt\/marina-leggings-black-red-yellow\/","og_locale":"sk_SK","og_type":"article","og_title":"Marina Leggings Black\/Red\/Yellow - World Jumping","og_description":"ELASTANE (LYCRA\u00ae EXTRALIFE)  MARINA LEGGINGS \u2013 Exclusive Sports slim-fit leggings, high quality material, its skin-tight fit and ensures comfort for your training. Perfect body shaping and trendy design.","og_url":"https:\/\/worldjumping.com\/sk\/produkt\/marina-leggings-black-red-yellow\/","og_site_name":"World Jumping","article_modified_time":"2021-11-22T11:23:10+00:00","og_image":[{"width":1280,"height":1920,"url":"https:\/\/worldjumping.com\/wp-content\/uploads\/2021\/11\/new-leg-1.jpg","type":"image\/jpeg"}],"twitter_card":"summary_large_image","schema":{"@context":"https:\/\/schema.org","@graph":[{"@type":"WebPage","@id":"https:\/\/worldjumping.com\/product\/marina-leggings-black-red-yellow\/","url":"https:\/\/worldjumping.com\/product\/marina-leggings-black-red-yellow\/","name":"Marina Leggings Black\/Red\/Yellow - World Jumping","isPartOf":{"@id":"https:\/\/worldjumping.com\/#website"},"primaryImageOfPage":{"@id":"https:\/\/worldjumping.com\/product\/marina-leggings-black-red-yellow\/#primaryimage"},"image":{"@id":"https:\/\/worldjumping.com\/product\/marina-leggings-black-red-yellow\/#primaryimage"},"thumbnailUrl":"https:\/\/worldjumping.com\/wp-content\/uploads\/2021\/11\/new-leg-1.jpg","datePublished":"2019-11-21T10:01:41+00:00","dateModified":"2021-11-22T11:23:10+00:00","breadcrumb":{"@id":"https:\/\/worldjumping.com\/product\/marina-leggings-black-red-yellow\/#breadcrumb"},"inLanguage":"sk-SK","potentialAction":[{"@type":"ReadAction","target":["https:\/\/worldjumping.com\/product\/marina-leggings-black-red-yellow\/"]}]},{"@type":"ImageObject","inLanguage":"sk-SK","@id":"https:\/\/worldjumping.com\/product\/marina-leggings-black-red-yellow\/#primaryimage","url":"https:\/\/worldjumping.com\/wp-content\/uploads\/2021\/11\/new-leg-1.jpg","contentUrl":"https:\/\/worldjumping.com\/wp-content\/uploads\/2021\/11\/new-leg-1.jpg","width":1280,"height":1920},{"@type":"BreadcrumbList","@id":"https:\/\/worldjumping.com\/product\/marina-leggings-black-red-yellow\/#breadcrumb","itemListElement":[{"@type":"ListItem","position":1,"name":"Home","item":"https:\/\/worldjumping.com\/"},{"@type":"ListItem","position":2,"name":"Shop","item":"https:\/\/worldjumping.com\/shop\/"},{"@type":"ListItem","position":3,"name":"Marina Leggings Black\/Red\/Yellow"}]},{"@type":"WebSite","@id":"https:\/\/worldjumping.com\/#website","url":"https:\/\/worldjumping.com\/","name":"World Jumping","description":"Jump Up Your Life !","publisher":{"@id":"https:\/\/worldjumping.com\/#organization"},"potentialAction":[{"@type":"SearchAction","target":{"@type":"EntryPoint","urlTemplate":"https:\/\/worldjumping.com\/?s={search_term_string}"},"query-input":{"@type":"PropertyValueSpecification","valueRequired":true,"valueName":"search_term_string"}}],"inLanguage":"sk-SK"},{"@type":"Organization","@id":"https:\/\/worldjumping.com\/#organization","name":"World Jumping","url":"https:\/\/worldjumping.com\/","logo":{"@type":"ImageObject","inLanguage":"sk-SK","@id":"https:\/\/worldjumping.com\/#\/schema\/logo\/image\/","url":"https:\/\/worldjumping.com\/wp-content\/uploads\/2018\/05\/logo_WJP_W_R.png","contentUrl":"https:\/\/worldjumping.com\/wp-content\/uploads\/2018\/05\/logo_WJP_W_R.png","width":300,"height":133,"caption":"World Jumping"},"image":{"@id":"https:\/\/worldjumping.com\/#\/schema\/logo\/image\/"}}]}},"_links":{"self":[{"href":"https:\/\/worldjumping.com\/sk\/wp-json\/wp\/v2\/product\/1033","targetHints":{"allow":["GET"]}}],"collection":[{"href":"https:\/\/worldjumping.com\/sk\/wp-json\/wp\/v2\/product"}],"about":[{"href":"https:\/\/worldjumping.com\/sk\/wp-json\/wp\/v2\/types\/product"}],"replies":[{"embeddable":true,"href":"https:\/\/worldjumping.com\/sk\/wp-json\/wp\/v2\/comments?post=1033"}],"wp:featuredmedia":[{"embeddable":true,"href":"https:\/\/worldjumping.com\/sk\/wp-json\/wp\/v2\/media\/1034"}],"wp:attachment":[{"href":"https:\/\/worldjumping.com\/sk\/wp-json\/wp\/v2\/media?parent=1033"}],"wp:term":[{"taxonomy":"product_brand","embeddable":true,"href":"https:\/\/worldjumping.com\/sk\/wp-json\/wp\/v2\/product_brand?post=1033"},{"taxonomy":"product_cat","embeddable":true,"href":"https:\/\/worldjumping.com\/sk\/wp-json\/wp\/v2\/product_cat?post=1033"},{"taxonomy":"product_tag","embeddable":true,"href":"https:\/\/worldjumping.com\/sk\/wp-json\/wp\/v2\/product_tag?post=1033"}],"curies":[{"name":"wp","href":"https:\/\/api.w.org\/{rel}","templated":true}]}}