{"id":1179,"date":"2019-11-21T16:56:21","date_gmt":"2019-11-21T15:56:21","guid":{"rendered":"https:\/\/worldjumping.com\/?post_type=product&#038;p=1179"},"modified":"2021-11-22T12:10:58","modified_gmt":"2021-11-22T11:10:58","slug":"wj-cotton-hoodie-orange-white","status":"publish","type":"product","link":"https:\/\/worldjumping.com\/sk\/product\/wj-cotton-hoodie-orange-white\/","title":{"rendered":"WJ BAVLNEN\u00c1 MIKINA s kapuc\u0148ou oran\u017eov\u00e1"},"content":{"rendered":"<p>280g\/m2<\/p>\n<p>&gt;&gt; Farebn\u00e9 vari\u00e1cie: \u010derven\u00e1, n\u00e1morn\u00edcka, \u010dierna, n\u00e1morn\u00edcka\/\u010derven\u00e1, oran\u017eov\u00e1\/biela, v\u00ednov\u00e1<br \/>\n&gt;&gt; Pohodln\u00e9<br \/>\n&gt;&gt; Origin\u00e1lny dizajn<br \/>\n&gt;&gt; Biely n\u00e1pis<br \/>\n&gt;&gt;  Logo: World Jumping<\/p>\n<p>&nbsp;<\/p>\n<p><img decoding=\"async\" class=\"alignnone size-full wp-image-1040\" src=\"https:\/\/worldjumping.com\/wp-content\/uploads\/2021\/11\/morea.jpeg\" alt=\"\" width=\"175\" height=\"108\" \/><\/p>\n<p><img decoding=\"async\" class=\"alignnone wp-image-1046\" src=\"https:\/\/worldjumping.com\/wp-content\/uploads\/2021\/11\/Excellent-UV-protection.png\" alt=\"\" width=\"55\" height=\"55\" srcset=\"https:\/\/worldjumping.com\/wp-content\/uploads\/2021\/11\/Excellent-UV-protection.png 105w, https:\/\/worldjumping.com\/wp-content\/uploads\/2021\/11\/Excellent-UV-protection-100x100.png 100w\" sizes=\"(max-width: 55px) 100vw, 55px\" \/> <img decoding=\"async\" class=\"alignnone wp-image-1045\" src=\"https:\/\/worldjumping.com\/wp-content\/uploads\/2021\/11\/Brushed.png\" alt=\"\" width=\"55\" height=\"55\" srcset=\"https:\/\/worldjumping.com\/wp-content\/uploads\/2021\/11\/Brushed.png 105w, https:\/\/worldjumping.com\/wp-content\/uploads\/2021\/11\/Brushed-100x100.png 100w\" sizes=\"(max-width: 55px) 100vw, 55px\" \/> <img loading=\"lazy\" decoding=\"async\" class=\"alignnone wp-image-1044\" src=\"https:\/\/worldjumping.com\/wp-content\/uploads\/2021\/11\/Perfect-fit.png\" alt=\"\" width=\"55\" height=\"55\" srcset=\"https:\/\/worldjumping.com\/wp-content\/uploads\/2021\/11\/Perfect-fit.png 105w, https:\/\/worldjumping.com\/wp-content\/uploads\/2021\/11\/Perfect-fit-100x100.png 100w\" sizes=\"(max-width: 55px) 100vw, 55px\" \/> <img loading=\"lazy\" decoding=\"async\" class=\"alignnone wp-image-1043\" src=\"https:\/\/worldjumping.com\/wp-content\/uploads\/2021\/11\/Shape-retention.png\" alt=\"\" width=\"55\" height=\"55\" srcset=\"https:\/\/worldjumping.com\/wp-content\/uploads\/2021\/11\/Shape-retention.png 105w, https:\/\/worldjumping.com\/wp-content\/uploads\/2021\/11\/Shape-retention-100x100.png 100w\" sizes=\"(max-width: 55px) 100vw, 55px\" \/> <img loading=\"lazy\" decoding=\"async\" class=\"alignnone wp-image-1042\" src=\"https:\/\/worldjumping.com\/wp-content\/uploads\/2021\/11\/Soft.png\" alt=\"\" width=\"55\" height=\"55\" srcset=\"https:\/\/worldjumping.com\/wp-content\/uploads\/2021\/11\/Soft.png 105w, https:\/\/worldjumping.com\/wp-content\/uploads\/2021\/11\/Soft-100x100.png 100w\" sizes=\"(max-width: 55px) 100vw, 55px\" \/> <img loading=\"lazy\" decoding=\"async\" class=\"alignnone wp-image-1041\" src=\"https:\/\/worldjumping.com\/wp-content\/uploads\/2021\/11\/Two-way-stretch.png\" alt=\"\" width=\"55\" height=\"55\" srcset=\"https:\/\/worldjumping.com\/wp-content\/uploads\/2021\/11\/Two-way-stretch.png 105w, https:\/\/worldjumping.com\/wp-content\/uploads\/2021\/11\/Two-way-stretch-100x100.png 100w\" sizes=\"(max-width: 55px) 100vw, 55px\" \/><\/p>\n<p>&nbsp;<\/p>\n<p><a href=\"https:\/\/worldjumping.com\/wp-content\/uploads\/2021\/11\/size-chart_W8-1024x669-1.jpeg\"><img loading=\"lazy\" decoding=\"async\" class=\"alignnone wp-image-1047\" src=\"https:\/\/worldjumping.com\/wp-content\/uploads\/2021\/11\/size-chart_W8-1024x669-1.jpeg\" alt=\"\" width=\"494\" height=\"323\" srcset=\"https:\/\/worldjumping.com\/wp-content\/uploads\/2021\/11\/size-chart_W8-1024x669-1.jpeg 1024w, https:\/\/worldjumping.com\/wp-content\/uploads\/2021\/11\/size-chart_W8-1024x669-1-300x196.jpeg 300w, https:\/\/worldjumping.com\/wp-content\/uploads\/2021\/11\/size-chart_W8-1024x669-1-600x392.jpeg 600w\" sizes=\"(max-width: 494px) 100vw, 494px\" \/><\/a><\/p>","protected":false},"excerpt":{"rendered":"<div class=\"woocommerce-product-details__short-description\">\n<p>D\u00e1msky priliehav\u00fd strih, dvojvrstvov\u00e1 kapuc\u0148a, \u010dipka rovnakej farby, ragl\u00e1nov\u00e9 ruk\u00e1vy, klokanie vrecko, dvojit\u00e9 pre\u0161\u00edvanie, rebrovan\u00e9 lycrov\u00e9 man\u017eety a spodn\u00fd lem, logo: World Jumping<\/p>\n<\/div>","protected":false},"featured_media":1184,"comment_status":"open","ping_status":"closed","template":"","meta":{"_monsterinsights_skip_tracking":false,"_monsterinsights_sitenote_active":false,"_monsterinsights_sitenote_note":"","_monsterinsights_sitenote_category":0},"product_brand":[],"product_cat":[68,70],"product_tag":[],"class_list":{"0":"post-1179","1":"product","2":"type-product","3":"status-publish","4":"has-post-thumbnail","6":"product_cat-clothes","7":"product_cat-tops","8":"aux-has-gallery","10":"first","11":"instock","12":"shipping-taxable","13":"purchasable","14":"product-type-variable"},"yoast_head":"<!-- This site is optimized with the Yoast SEO plugin v26.4 - https:\/\/yoast.com\/wordpress\/plugins\/seo\/ -->\n<title>WJ COTTON HOODIE Orange\/white - World Jumping<\/title>\n<meta name=\"robots\" content=\"index, follow, max-snippet:-1, max-image-preview:large, max-video-preview:-1\" \/>\n<link rel=\"canonical\" href=\"https:\/\/worldjumping.com\/sk\/produkt\/wj-cotton-hoodie-orange-white\/\" \/>\n<meta property=\"og:locale\" content=\"sk_SK\" \/>\n<meta property=\"og:type\" content=\"article\" \/>\n<meta property=\"og:title\" content=\"WJ COTTON HOODIE Orange\/white - World Jumping\" \/>\n<meta property=\"og:description\" content=\"Women&#039;s tight fit, two-layer hood, lace of the same color, raglan sleeves, kangaroo pocket, double stitching, ribbed lycra cuffs and hem, logo: World Jumping\" \/>\n<meta property=\"og:url\" content=\"https:\/\/worldjumping.com\/sk\/produkt\/wj-cotton-hoodie-orange-white\/\" \/>\n<meta property=\"og:site_name\" content=\"World Jumping\" \/>\n<meta property=\"article:modified_time\" content=\"2021-11-22T11:10:58+00:00\" \/>\n<meta property=\"og:image\" content=\"https:\/\/worldjumping.com\/wp-content\/uploads\/2021\/11\/WJ-cotton-hoodie-orange-hl-scaled.jpeg\" \/>\n\t<meta property=\"og:image:width\" content=\"1698\" \/>\n\t<meta property=\"og:image:height\" content=\"2560\" \/>\n\t<meta property=\"og:image:type\" content=\"image\/jpeg\" \/>\n<meta name=\"twitter:card\" content=\"summary_large_image\" \/>\n<script type=\"application\/ld+json\" class=\"yoast-schema-graph\">{\"@context\":\"https:\/\/schema.org\",\"@graph\":[{\"@type\":\"WebPage\",\"@id\":\"https:\/\/worldjumping.com\/product\/wj-cotton-hoodie-orange-white\/\",\"url\":\"https:\/\/worldjumping.com\/product\/wj-cotton-hoodie-orange-white\/\",\"name\":\"WJ COTTON HOODIE Orange\/white - World Jumping\",\"isPartOf\":{\"@id\":\"https:\/\/worldjumping.com\/#website\"},\"primaryImageOfPage\":{\"@id\":\"https:\/\/worldjumping.com\/product\/wj-cotton-hoodie-orange-white\/#primaryimage\"},\"image\":{\"@id\":\"https:\/\/worldjumping.com\/product\/wj-cotton-hoodie-orange-white\/#primaryimage\"},\"thumbnailUrl\":\"https:\/\/worldjumping.com\/wp-content\/uploads\/2021\/11\/WJ-cotton-hoodie-orange-hl-scaled.jpeg\",\"datePublished\":\"2019-11-21T15:56:21+00:00\",\"dateModified\":\"2021-11-22T11:10:58+00:00\",\"breadcrumb\":{\"@id\":\"https:\/\/worldjumping.com\/product\/wj-cotton-hoodie-orange-white\/#breadcrumb\"},\"inLanguage\":\"sk-SK\",\"potentialAction\":[{\"@type\":\"ReadAction\",\"target\":[\"https:\/\/worldjumping.com\/product\/wj-cotton-hoodie-orange-white\/\"]}]},{\"@type\":\"ImageObject\",\"inLanguage\":\"sk-SK\",\"@id\":\"https:\/\/worldjumping.com\/product\/wj-cotton-hoodie-orange-white\/#primaryimage\",\"url\":\"https:\/\/worldjumping.com\/wp-content\/uploads\/2021\/11\/WJ-cotton-hoodie-orange-hl-scaled.jpeg\",\"contentUrl\":\"https:\/\/worldjumping.com\/wp-content\/uploads\/2021\/11\/WJ-cotton-hoodie-orange-hl-scaled.jpeg\",\"width\":1698,\"height\":2560},{\"@type\":\"BreadcrumbList\",\"@id\":\"https:\/\/worldjumping.com\/product\/wj-cotton-hoodie-orange-white\/#breadcrumb\",\"itemListElement\":[{\"@type\":\"ListItem\",\"position\":1,\"name\":\"Home\",\"item\":\"https:\/\/worldjumping.com\/\"},{\"@type\":\"ListItem\",\"position\":2,\"name\":\"Shop\",\"item\":\"https:\/\/worldjumping.com\/shop\/\"},{\"@type\":\"ListItem\",\"position\":3,\"name\":\"WJ COTTON HOODIE Orange\/white\"}]},{\"@type\":\"WebSite\",\"@id\":\"https:\/\/worldjumping.com\/#website\",\"url\":\"https:\/\/worldjumping.com\/\",\"name\":\"World Jumping\",\"description\":\"Jump Up Your Life !\",\"publisher\":{\"@id\":\"https:\/\/worldjumping.com\/#organization\"},\"potentialAction\":[{\"@type\":\"SearchAction\",\"target\":{\"@type\":\"EntryPoint\",\"urlTemplate\":\"https:\/\/worldjumping.com\/?s={search_term_string}\"},\"query-input\":{\"@type\":\"PropertyValueSpecification\",\"valueRequired\":true,\"valueName\":\"search_term_string\"}}],\"inLanguage\":\"sk-SK\"},{\"@type\":\"Organization\",\"@id\":\"https:\/\/worldjumping.com\/#organization\",\"name\":\"World Jumping\",\"url\":\"https:\/\/worldjumping.com\/\",\"logo\":{\"@type\":\"ImageObject\",\"inLanguage\":\"sk-SK\",\"@id\":\"https:\/\/worldjumping.com\/#\/schema\/logo\/image\/\",\"url\":\"https:\/\/worldjumping.com\/wp-content\/uploads\/2018\/05\/logo_WJP_W_R.png\",\"contentUrl\":\"https:\/\/worldjumping.com\/wp-content\/uploads\/2018\/05\/logo_WJP_W_R.png\",\"width\":300,\"height\":133,\"caption\":\"World Jumping\"},\"image\":{\"@id\":\"https:\/\/worldjumping.com\/#\/schema\/logo\/image\/\"}}]}<\/script>\n<!-- \/ Yoast SEO plugin. -->","yoast_head_json":{"title":"WJ COTTON HOODIE Orange\/white - World Jumping","robots":{"index":"index","follow":"follow","max-snippet":"max-snippet:-1","max-image-preview":"max-image-preview:large","max-video-preview":"max-video-preview:-1"},"canonical":"https:\/\/worldjumping.com\/sk\/produkt\/wj-cotton-hoodie-orange-white\/","og_locale":"sk_SK","og_type":"article","og_title":"WJ COTTON HOODIE Orange\/white - World Jumping","og_description":"Women's tight fit, two-layer hood, lace of the same color, raglan sleeves, kangaroo pocket, double stitching, ribbed lycra cuffs and hem, logo: World Jumping","og_url":"https:\/\/worldjumping.com\/sk\/produkt\/wj-cotton-hoodie-orange-white\/","og_site_name":"World Jumping","article_modified_time":"2021-11-22T11:10:58+00:00","og_image":[{"width":1698,"height":2560,"url":"https:\/\/worldjumping.com\/wp-content\/uploads\/2021\/11\/WJ-cotton-hoodie-orange-hl-scaled.jpeg","type":"image\/jpeg"}],"twitter_card":"summary_large_image","schema":{"@context":"https:\/\/schema.org","@graph":[{"@type":"WebPage","@id":"https:\/\/worldjumping.com\/product\/wj-cotton-hoodie-orange-white\/","url":"https:\/\/worldjumping.com\/product\/wj-cotton-hoodie-orange-white\/","name":"WJ COTTON HOODIE Orange\/white - World Jumping","isPartOf":{"@id":"https:\/\/worldjumping.com\/#website"},"primaryImageOfPage":{"@id":"https:\/\/worldjumping.com\/product\/wj-cotton-hoodie-orange-white\/#primaryimage"},"image":{"@id":"https:\/\/worldjumping.com\/product\/wj-cotton-hoodie-orange-white\/#primaryimage"},"thumbnailUrl":"https:\/\/worldjumping.com\/wp-content\/uploads\/2021\/11\/WJ-cotton-hoodie-orange-hl-scaled.jpeg","datePublished":"2019-11-21T15:56:21+00:00","dateModified":"2021-11-22T11:10:58+00:00","breadcrumb":{"@id":"https:\/\/worldjumping.com\/product\/wj-cotton-hoodie-orange-white\/#breadcrumb"},"inLanguage":"sk-SK","potentialAction":[{"@type":"ReadAction","target":["https:\/\/worldjumping.com\/product\/wj-cotton-hoodie-orange-white\/"]}]},{"@type":"ImageObject","inLanguage":"sk-SK","@id":"https:\/\/worldjumping.com\/product\/wj-cotton-hoodie-orange-white\/#primaryimage","url":"https:\/\/worldjumping.com\/wp-content\/uploads\/2021\/11\/WJ-cotton-hoodie-orange-hl-scaled.jpeg","contentUrl":"https:\/\/worldjumping.com\/wp-content\/uploads\/2021\/11\/WJ-cotton-hoodie-orange-hl-scaled.jpeg","width":1698,"height":2560},{"@type":"BreadcrumbList","@id":"https:\/\/worldjumping.com\/product\/wj-cotton-hoodie-orange-white\/#breadcrumb","itemListElement":[{"@type":"ListItem","position":1,"name":"Home","item":"https:\/\/worldjumping.com\/"},{"@type":"ListItem","position":2,"name":"Shop","item":"https:\/\/worldjumping.com\/shop\/"},{"@type":"ListItem","position":3,"name":"WJ COTTON HOODIE Orange\/white"}]},{"@type":"WebSite","@id":"https:\/\/worldjumping.com\/#website","url":"https:\/\/worldjumping.com\/","name":"World Jumping","description":"Jump Up Your Life !","publisher":{"@id":"https:\/\/worldjumping.com\/#organization"},"potentialAction":[{"@type":"SearchAction","target":{"@type":"EntryPoint","urlTemplate":"https:\/\/worldjumping.com\/?s={search_term_string}"},"query-input":{"@type":"PropertyValueSpecification","valueRequired":true,"valueName":"search_term_string"}}],"inLanguage":"sk-SK"},{"@type":"Organization","@id":"https:\/\/worldjumping.com\/#organization","name":"World Jumping","url":"https:\/\/worldjumping.com\/","logo":{"@type":"ImageObject","inLanguage":"sk-SK","@id":"https:\/\/worldjumping.com\/#\/schema\/logo\/image\/","url":"https:\/\/worldjumping.com\/wp-content\/uploads\/2018\/05\/logo_WJP_W_R.png","contentUrl":"https:\/\/worldjumping.com\/wp-content\/uploads\/2018\/05\/logo_WJP_W_R.png","width":300,"height":133,"caption":"World Jumping"},"image":{"@id":"https:\/\/worldjumping.com\/#\/schema\/logo\/image\/"}}]}},"_links":{"self":[{"href":"https:\/\/worldjumping.com\/sk\/wp-json\/wp\/v2\/product\/1179","targetHints":{"allow":["GET"]}}],"collection":[{"href":"https:\/\/worldjumping.com\/sk\/wp-json\/wp\/v2\/product"}],"about":[{"href":"https:\/\/worldjumping.com\/sk\/wp-json\/wp\/v2\/types\/product"}],"replies":[{"embeddable":true,"href":"https:\/\/worldjumping.com\/sk\/wp-json\/wp\/v2\/comments?post=1179"}],"wp:featuredmedia":[{"embeddable":true,"href":"https:\/\/worldjumping.com\/sk\/wp-json\/wp\/v2\/media\/1184"}],"wp:attachment":[{"href":"https:\/\/worldjumping.com\/sk\/wp-json\/wp\/v2\/media?parent=1179"}],"wp:term":[{"taxonomy":"product_brand","embeddable":true,"href":"https:\/\/worldjumping.com\/sk\/wp-json\/wp\/v2\/product_brand?post=1179"},{"taxonomy":"product_cat","embeddable":true,"href":"https:\/\/worldjumping.com\/sk\/wp-json\/wp\/v2\/product_cat?post=1179"},{"taxonomy":"product_tag","embeddable":true,"href":"https:\/\/worldjumping.com\/sk\/wp-json\/wp\/v2\/product_tag?post=1179"}],"curies":[{"name":"wp","href":"https:\/\/api.w.org\/{rel}","templated":true}]}}