{"id":443,"date":"2020-09-15T19:11:40","date_gmt":"2020-09-15T17:11:40","guid":{"rendered":"https:\/\/worldjumping.com\/?post_type=product&#038;p=443"},"modified":"2024-05-10T11:02:01","modified_gmt":"2024-05-10T09:02:01","slug":"handrail-trolley-21-classic","status":"publish","type":"product","link":"https:\/\/worldjumping.com\/sk\/product\/handrail-trolley-21-classic\/","title":{"rendered":"Voz\u00edk na r\u00fa\u010dky \u2013 21 Classic"},"content":{"rendered":"<p>Voz\u00edk na r\u00fa\u010dky s kolieskami pre maxim\u00e1lne 21 r\u00fa\u010dok.<\/p>","protected":false},"excerpt":{"rendered":"<p>Voz\u00edk na r\u00fa\u010dky s kolieskami pre maxim\u00e1lne 21 r\u00fa\u010dok.<\/p>","protected":false},"featured_media":700,"comment_status":"open","ping_status":"closed","template":"","meta":{"_monsterinsights_skip_tracking":false,"_monsterinsights_sitenote_active":false,"_monsterinsights_sitenote_note":"","_monsterinsights_sitenote_category":0},"product_brand":[],"product_cat":[45],"product_tag":[48,41,42,46,40],"class_list":{"0":"post-443","1":"product","2":"type-product","3":"status-publish","4":"has-post-thumbnail","6":"product_cat-handrail-trolley","7":"product_tag-48","8":"product_tag-cart","9":"product_tag-classic","10":"product_tag-handrail","11":"product_tag-trolley","12":"aux-has-gallery","14":"first","15":"instock","16":"shipping-taxable","17":"purchasable","18":"product-type-simple"},"yoast_head":"<!-- This site is optimized with the Yoast SEO plugin v26.4 - https:\/\/yoast.com\/wordpress\/plugins\/seo\/ -->\n<title>Handrail Trolley \u2013 21 Classic - World Jumping<\/title>\n<meta name=\"robots\" content=\"index, follow, max-snippet:-1, max-image-preview:large, max-video-preview:-1\" \/>\n<link rel=\"canonical\" href=\"https:\/\/worldjumping.com\/sk\/produkt\/handrail-trolley-21-classic\/\" \/>\n<meta property=\"og:locale\" content=\"sk_SK\" \/>\n<meta property=\"og:type\" content=\"article\" \/>\n<meta property=\"og:title\" content=\"Handrail Trolley \u2013 21 Classic - World Jumping\" \/>\n<meta property=\"og:description\" content=\"Handrail Trolley with wheels for maximum 21 of handrails.\" \/>\n<meta property=\"og:url\" content=\"https:\/\/worldjumping.com\/sk\/produkt\/handrail-trolley-21-classic\/\" \/>\n<meta property=\"og:site_name\" content=\"World Jumping\" \/>\n<meta property=\"article:modified_time\" content=\"2024-05-10T09:02:01+00:00\" \/>\n<meta property=\"og:image\" content=\"https:\/\/worldjumping.com\/wp-content\/uploads\/2020\/08\/21-cart-scaled.jpg\" \/>\n\t<meta property=\"og:image:width\" content=\"2560\" \/>\n\t<meta property=\"og:image:height\" content=\"1707\" \/>\n\t<meta property=\"og:image:type\" content=\"image\/jpeg\" \/>\n<meta name=\"twitter:card\" content=\"summary_large_image\" \/>\n<script type=\"application\/ld+json\" class=\"yoast-schema-graph\">{\"@context\":\"https:\/\/schema.org\",\"@graph\":[{\"@type\":\"WebPage\",\"@id\":\"https:\/\/worldjumping.com\/product\/handrail-trolley-21-classic\/\",\"url\":\"https:\/\/worldjumping.com\/product\/handrail-trolley-21-classic\/\",\"name\":\"Handrail Trolley \u2013 21 Classic - World Jumping\",\"isPartOf\":{\"@id\":\"https:\/\/worldjumping.com\/#website\"},\"primaryImageOfPage\":{\"@id\":\"https:\/\/worldjumping.com\/product\/handrail-trolley-21-classic\/#primaryimage\"},\"image\":{\"@id\":\"https:\/\/worldjumping.com\/product\/handrail-trolley-21-classic\/#primaryimage\"},\"thumbnailUrl\":\"https:\/\/worldjumping.com\/wp-content\/uploads\/2020\/08\/21-cart-scaled.jpg\",\"datePublished\":\"2020-09-15T17:11:40+00:00\",\"dateModified\":\"2024-05-10T09:02:01+00:00\",\"breadcrumb\":{\"@id\":\"https:\/\/worldjumping.com\/product\/handrail-trolley-21-classic\/#breadcrumb\"},\"inLanguage\":\"sk-SK\",\"potentialAction\":[{\"@type\":\"ReadAction\",\"target\":[\"https:\/\/worldjumping.com\/product\/handrail-trolley-21-classic\/\"]}]},{\"@type\":\"ImageObject\",\"inLanguage\":\"sk-SK\",\"@id\":\"https:\/\/worldjumping.com\/product\/handrail-trolley-21-classic\/#primaryimage\",\"url\":\"https:\/\/worldjumping.com\/wp-content\/uploads\/2020\/08\/21-cart-scaled.jpg\",\"contentUrl\":\"https:\/\/worldjumping.com\/wp-content\/uploads\/2020\/08\/21-cart-scaled.jpg\",\"width\":2560,\"height\":1707},{\"@type\":\"BreadcrumbList\",\"@id\":\"https:\/\/worldjumping.com\/product\/handrail-trolley-21-classic\/#breadcrumb\",\"itemListElement\":[{\"@type\":\"ListItem\",\"position\":1,\"name\":\"Home\",\"item\":\"https:\/\/worldjumping.com\/\"},{\"@type\":\"ListItem\",\"position\":2,\"name\":\"Shop\",\"item\":\"https:\/\/worldjumping.com\/shop\/\"},{\"@type\":\"ListItem\",\"position\":3,\"name\":\"Handrail Trolley \u2013 21 Classic\"}]},{\"@type\":\"WebSite\",\"@id\":\"https:\/\/worldjumping.com\/#website\",\"url\":\"https:\/\/worldjumping.com\/\",\"name\":\"World Jumping\",\"description\":\"Jump Up Your Life !\",\"publisher\":{\"@id\":\"https:\/\/worldjumping.com\/#organization\"},\"potentialAction\":[{\"@type\":\"SearchAction\",\"target\":{\"@type\":\"EntryPoint\",\"urlTemplate\":\"https:\/\/worldjumping.com\/?s={search_term_string}\"},\"query-input\":{\"@type\":\"PropertyValueSpecification\",\"valueRequired\":true,\"valueName\":\"search_term_string\"}}],\"inLanguage\":\"sk-SK\"},{\"@type\":\"Organization\",\"@id\":\"https:\/\/worldjumping.com\/#organization\",\"name\":\"World Jumping\",\"url\":\"https:\/\/worldjumping.com\/\",\"logo\":{\"@type\":\"ImageObject\",\"inLanguage\":\"sk-SK\",\"@id\":\"https:\/\/worldjumping.com\/#\/schema\/logo\/image\/\",\"url\":\"https:\/\/worldjumping.com\/wp-content\/uploads\/2018\/05\/logo_WJP_W_R.png\",\"contentUrl\":\"https:\/\/worldjumping.com\/wp-content\/uploads\/2018\/05\/logo_WJP_W_R.png\",\"width\":300,\"height\":133,\"caption\":\"World Jumping\"},\"image\":{\"@id\":\"https:\/\/worldjumping.com\/#\/schema\/logo\/image\/\"}}]}<\/script>\n<!-- \/ Yoast SEO plugin. -->","yoast_head_json":{"title":"Handrail Trolley \u2013 21 Classic - World Jumping","robots":{"index":"index","follow":"follow","max-snippet":"max-snippet:-1","max-image-preview":"max-image-preview:large","max-video-preview":"max-video-preview:-1"},"canonical":"https:\/\/worldjumping.com\/sk\/produkt\/handrail-trolley-21-classic\/","og_locale":"sk_SK","og_type":"article","og_title":"Handrail Trolley \u2013 21 Classic - World Jumping","og_description":"Handrail Trolley with wheels for maximum 21 of handrails.","og_url":"https:\/\/worldjumping.com\/sk\/produkt\/handrail-trolley-21-classic\/","og_site_name":"World Jumping","article_modified_time":"2024-05-10T09:02:01+00:00","og_image":[{"width":2560,"height":1707,"url":"https:\/\/worldjumping.com\/wp-content\/uploads\/2020\/08\/21-cart-scaled.jpg","type":"image\/jpeg"}],"twitter_card":"summary_large_image","schema":{"@context":"https:\/\/schema.org","@graph":[{"@type":"WebPage","@id":"https:\/\/worldjumping.com\/product\/handrail-trolley-21-classic\/","url":"https:\/\/worldjumping.com\/product\/handrail-trolley-21-classic\/","name":"Handrail Trolley \u2013 21 Classic - World Jumping","isPartOf":{"@id":"https:\/\/worldjumping.com\/#website"},"primaryImageOfPage":{"@id":"https:\/\/worldjumping.com\/product\/handrail-trolley-21-classic\/#primaryimage"},"image":{"@id":"https:\/\/worldjumping.com\/product\/handrail-trolley-21-classic\/#primaryimage"},"thumbnailUrl":"https:\/\/worldjumping.com\/wp-content\/uploads\/2020\/08\/21-cart-scaled.jpg","datePublished":"2020-09-15T17:11:40+00:00","dateModified":"2024-05-10T09:02:01+00:00","breadcrumb":{"@id":"https:\/\/worldjumping.com\/product\/handrail-trolley-21-classic\/#breadcrumb"},"inLanguage":"sk-SK","potentialAction":[{"@type":"ReadAction","target":["https:\/\/worldjumping.com\/product\/handrail-trolley-21-classic\/"]}]},{"@type":"ImageObject","inLanguage":"sk-SK","@id":"https:\/\/worldjumping.com\/product\/handrail-trolley-21-classic\/#primaryimage","url":"https:\/\/worldjumping.com\/wp-content\/uploads\/2020\/08\/21-cart-scaled.jpg","contentUrl":"https:\/\/worldjumping.com\/wp-content\/uploads\/2020\/08\/21-cart-scaled.jpg","width":2560,"height":1707},{"@type":"BreadcrumbList","@id":"https:\/\/worldjumping.com\/product\/handrail-trolley-21-classic\/#breadcrumb","itemListElement":[{"@type":"ListItem","position":1,"name":"Home","item":"https:\/\/worldjumping.com\/"},{"@type":"ListItem","position":2,"name":"Shop","item":"https:\/\/worldjumping.com\/shop\/"},{"@type":"ListItem","position":3,"name":"Handrail Trolley \u2013 21 Classic"}]},{"@type":"WebSite","@id":"https:\/\/worldjumping.com\/#website","url":"https:\/\/worldjumping.com\/","name":"World Jumping","description":"Jump Up Your Life !","publisher":{"@id":"https:\/\/worldjumping.com\/#organization"},"potentialAction":[{"@type":"SearchAction","target":{"@type":"EntryPoint","urlTemplate":"https:\/\/worldjumping.com\/?s={search_term_string}"},"query-input":{"@type":"PropertyValueSpecification","valueRequired":true,"valueName":"search_term_string"}}],"inLanguage":"sk-SK"},{"@type":"Organization","@id":"https:\/\/worldjumping.com\/#organization","name":"World Jumping","url":"https:\/\/worldjumping.com\/","logo":{"@type":"ImageObject","inLanguage":"sk-SK","@id":"https:\/\/worldjumping.com\/#\/schema\/logo\/image\/","url":"https:\/\/worldjumping.com\/wp-content\/uploads\/2018\/05\/logo_WJP_W_R.png","contentUrl":"https:\/\/worldjumping.com\/wp-content\/uploads\/2018\/05\/logo_WJP_W_R.png","width":300,"height":133,"caption":"World Jumping"},"image":{"@id":"https:\/\/worldjumping.com\/#\/schema\/logo\/image\/"}}]}},"_links":{"self":[{"href":"https:\/\/worldjumping.com\/sk\/wp-json\/wp\/v2\/product\/443","targetHints":{"allow":["GET"]}}],"collection":[{"href":"https:\/\/worldjumping.com\/sk\/wp-json\/wp\/v2\/product"}],"about":[{"href":"https:\/\/worldjumping.com\/sk\/wp-json\/wp\/v2\/types\/product"}],"replies":[{"embeddable":true,"href":"https:\/\/worldjumping.com\/sk\/wp-json\/wp\/v2\/comments?post=443"}],"wp:featuredmedia":[{"embeddable":true,"href":"https:\/\/worldjumping.com\/sk\/wp-json\/wp\/v2\/media\/700"}],"wp:attachment":[{"href":"https:\/\/worldjumping.com\/sk\/wp-json\/wp\/v2\/media?parent=443"}],"wp:term":[{"taxonomy":"product_brand","embeddable":true,"href":"https:\/\/worldjumping.com\/sk\/wp-json\/wp\/v2\/product_brand?post=443"},{"taxonomy":"product_cat","embeddable":true,"href":"https:\/\/worldjumping.com\/sk\/wp-json\/wp\/v2\/product_cat?post=443"},{"taxonomy":"product_tag","embeddable":true,"href":"https:\/\/worldjumping.com\/sk\/wp-json\/wp\/v2\/product_tag?post=443"}],"curies":[{"name":"wp","href":"https:\/\/api.w.org\/{rel}","templated":true}]}}