{"id":454,"date":"2020-10-16T10:10:45","date_gmt":"2020-10-16T08:10:45","guid":{"rendered":"https:\/\/worldjumping.com\/?post_type=product&#038;p=454"},"modified":"2024-08-22T10:17:54","modified_gmt":"2024-08-22T08:17:54","slug":"spider-inox-premium-trampoline","status":"publish","type":"product","link":"https:\/\/worldjumping.com\/sk\/product\/spider-inox-premium-trampoline\/","title":{"rendered":"SPIDER INOX PREMIUM trampol\u00edna"},"content":{"rendered":"<p>original professional WORLD JUMPING highspeed trampoline<br \/>\n&#8220;SPIDER INOX PREMIUM&#8221;<\/p>\n<p>Na\u0161a s\u00e9ria z nehrdzavej\u00facej ocele \u201epremium\u201c je ur\u010den\u00e1 na profesion\u00e1lne aj komer\u010dn\u00e9 pou\u017eitie! P\u00fatav\u00fd dizajn s najlep\u0161\u00edmi materi\u00e1lmi! Trampol\u00edna je absol\u00fatne nehrdzavej\u00faca, odoln\u00e1 vo\u010di po\u0161kriabaniu, vhodn\u00e1 pre outdoorov\u00e9 tr\u00e9ningy, \u0161peci\u00e1lna \u0161pi\u010dkov\u00e1 l\u00e1tkov\u00e1 technol\u00f3gia s multi-trailer syst\u00e9mom.<\/p>\n<p>&nbsp;<\/p>\n<p><strong>&gt;&gt; German engineering<\/strong><br \/>\n<strong>&gt;&gt; German quality-standards<\/strong><br \/>\n<strong>&gt;&gt; We produce in the EU<\/strong><br \/>\n<strong>&gt;&gt; Certified brand quality<\/strong><br \/>\n<strong>&gt;&gt; Stainless steel material<\/strong><\/p>\n<p>&nbsp;<\/p>\n<p><img decoding=\"async\" class=\"alignnone wp-image-804\" src=\"https:\/\/worldjumping.com\/wp-content\/uploads\/2019\/08\/tuv-150x150.png\" alt=\"tuv\" width=\"151\" height=\"151\" \/><\/p>\n<p>&nbsp;<\/p>","protected":false},"excerpt":{"rendered":"<p>Na\u0161a s\u00e9ria z nehrdzavej\u00facej ocele \u201epremium\u201c je ur\u010den\u00e1 na profesion\u00e1lne aj komer\u010dn\u00e9 pou\u017eitie!<\/p>\n<p><strong>Na\u0161e z\u00e1ru\u010dn\u00e9 podmienky:<\/strong><\/p>\n<ul>\n<li><strong>Steel construction \u2013 6 years<\/strong><\/li>\n<li><strong>Jumping mat \u2013 6 years<\/strong><\/li>\n<li><strong>Rubber belt \u2013 up to 200 jumping hours<\/strong><\/li>\n<\/ul>\n<p><span style=\"color: #ff0000;\"><strong>V pr\u00edpade z\u00e1ujmu o v\u00e4\u010d\u0161\u00ed po\u010det kusov n\u00e1s kontaktujte na tel <a style=\"color: #ff0000;\" href=\"mailto:info@worldjumping.com\">info@worldjumping.com<\/a><\/strong><\/span><\/p>","protected":false},"featured_media":715,"comment_status":"open","ping_status":"closed","template":"","meta":{"_monsterinsights_skip_tracking":false,"_monsterinsights_sitenote_active":false,"_monsterinsights_sitenote_note":"","_monsterinsights_sitenote_category":0},"product_brand":[],"product_cat":[27],"product_tag":[43,50,33,44,31,32],"class_list":{"0":"post-454","1":"product","2":"type-product","3":"status-publish","4":"has-post-thumbnail","6":"product_cat-trampolines","7":"product_tag-inox","8":"product_tag-premium","9":"product_tag-sprinter","10":"product_tag-stainless-steel","11":"product_tag-trampoline","12":"product_tag-worldjumping","13":"aux-has-gallery","15":"first","16":"instock","17":"shipping-taxable","18":"purchasable","19":"product-type-variable"},"yoast_head":"<!-- This site is optimized with the Yoast SEO plugin v26.4 - https:\/\/yoast.com\/wordpress\/plugins\/seo\/ -->\n<title>SPIDER INOX PREMIUM trampoline - World Jumping<\/title>\n<meta name=\"robots\" content=\"index, follow, max-snippet:-1, max-image-preview:large, max-video-preview:-1\" \/>\n<link rel=\"canonical\" href=\"https:\/\/worldjumping.com\/sk\/produkt\/spider-inox-premium-trampoline\/\" \/>\n<meta property=\"og:locale\" content=\"sk_SK\" \/>\n<meta property=\"og:type\" content=\"article\" \/>\n<meta property=\"og:title\" content=\"SPIDER INOX PREMIUM trampoline - World Jumping\" \/>\n<meta property=\"og:description\" content=\"Our stainless steel - Series &quot;premium&quot; is for professional as well as for commercial use!  Our warranty conditions:   Steel construction \u2013 6 years  Jumping mat \u2013 6 years  Rubber belt \u2013 up to 200 jumping hours  If you are interested in a larger number of pieces, contact us at info@worldjumping.com\" \/>\n<meta property=\"og:url\" content=\"https:\/\/worldjumping.com\/sk\/produkt\/spider-inox-premium-trampoline\/\" \/>\n<meta property=\"og:site_name\" content=\"World Jumping\" \/>\n<meta property=\"article:modified_time\" content=\"2024-08-22T08:17:54+00:00\" \/>\n<meta property=\"og:image\" content=\"https:\/\/worldjumping.com\/wp-content\/uploads\/2020\/08\/sprinter2-scaled.jpg\" \/>\n\t<meta property=\"og:image:width\" content=\"1707\" \/>\n\t<meta property=\"og:image:height\" content=\"2560\" \/>\n\t<meta property=\"og:image:type\" content=\"image\/jpeg\" \/>\n<meta name=\"twitter:card\" content=\"summary_large_image\" \/>\n<script type=\"application\/ld+json\" class=\"yoast-schema-graph\">{\"@context\":\"https:\/\/schema.org\",\"@graph\":[{\"@type\":\"WebPage\",\"@id\":\"https:\/\/worldjumping.com\/product\/spider-inox-premium-trampoline\/\",\"url\":\"https:\/\/worldjumping.com\/product\/spider-inox-premium-trampoline\/\",\"name\":\"SPIDER INOX PREMIUM trampoline - World Jumping\",\"isPartOf\":{\"@id\":\"https:\/\/worldjumping.com\/#website\"},\"primaryImageOfPage\":{\"@id\":\"https:\/\/worldjumping.com\/product\/spider-inox-premium-trampoline\/#primaryimage\"},\"image\":{\"@id\":\"https:\/\/worldjumping.com\/product\/spider-inox-premium-trampoline\/#primaryimage\"},\"thumbnailUrl\":\"https:\/\/worldjumping.com\/wp-content\/uploads\/2020\/08\/sprinter2-scaled.jpg\",\"datePublished\":\"2020-10-16T08:10:45+00:00\",\"dateModified\":\"2024-08-22T08:17:54+00:00\",\"breadcrumb\":{\"@id\":\"https:\/\/worldjumping.com\/product\/spider-inox-premium-trampoline\/#breadcrumb\"},\"inLanguage\":\"sk-SK\",\"potentialAction\":[{\"@type\":\"ReadAction\",\"target\":[\"https:\/\/worldjumping.com\/product\/spider-inox-premium-trampoline\/\"]}]},{\"@type\":\"ImageObject\",\"inLanguage\":\"sk-SK\",\"@id\":\"https:\/\/worldjumping.com\/product\/spider-inox-premium-trampoline\/#primaryimage\",\"url\":\"https:\/\/worldjumping.com\/wp-content\/uploads\/2020\/08\/sprinter2-scaled.jpg\",\"contentUrl\":\"https:\/\/worldjumping.com\/wp-content\/uploads\/2020\/08\/sprinter2-scaled.jpg\",\"width\":1707,\"height\":2560},{\"@type\":\"BreadcrumbList\",\"@id\":\"https:\/\/worldjumping.com\/product\/spider-inox-premium-trampoline\/#breadcrumb\",\"itemListElement\":[{\"@type\":\"ListItem\",\"position\":1,\"name\":\"Home\",\"item\":\"https:\/\/worldjumping.com\/\"},{\"@type\":\"ListItem\",\"position\":2,\"name\":\"Shop\",\"item\":\"https:\/\/worldjumping.com\/shop\/\"},{\"@type\":\"ListItem\",\"position\":3,\"name\":\"SPIDER INOX PREMIUM trampoline\"}]},{\"@type\":\"WebSite\",\"@id\":\"https:\/\/worldjumping.com\/#website\",\"url\":\"https:\/\/worldjumping.com\/\",\"name\":\"World Jumping\",\"description\":\"Jump Up Your Life !\",\"publisher\":{\"@id\":\"https:\/\/worldjumping.com\/#organization\"},\"potentialAction\":[{\"@type\":\"SearchAction\",\"target\":{\"@type\":\"EntryPoint\",\"urlTemplate\":\"https:\/\/worldjumping.com\/?s={search_term_string}\"},\"query-input\":{\"@type\":\"PropertyValueSpecification\",\"valueRequired\":true,\"valueName\":\"search_term_string\"}}],\"inLanguage\":\"sk-SK\"},{\"@type\":\"Organization\",\"@id\":\"https:\/\/worldjumping.com\/#organization\",\"name\":\"World Jumping\",\"url\":\"https:\/\/worldjumping.com\/\",\"logo\":{\"@type\":\"ImageObject\",\"inLanguage\":\"sk-SK\",\"@id\":\"https:\/\/worldjumping.com\/#\/schema\/logo\/image\/\",\"url\":\"https:\/\/worldjumping.com\/wp-content\/uploads\/2018\/05\/logo_WJP_W_R.png\",\"contentUrl\":\"https:\/\/worldjumping.com\/wp-content\/uploads\/2018\/05\/logo_WJP_W_R.png\",\"width\":300,\"height\":133,\"caption\":\"World Jumping\"},\"image\":{\"@id\":\"https:\/\/worldjumping.com\/#\/schema\/logo\/image\/\"}}]}<\/script>\n<!-- \/ Yoast SEO plugin. -->","yoast_head_json":{"title":"SPIDER INOX PREMIUM trampoline - World Jumping","robots":{"index":"index","follow":"follow","max-snippet":"max-snippet:-1","max-image-preview":"max-image-preview:large","max-video-preview":"max-video-preview:-1"},"canonical":"https:\/\/worldjumping.com\/sk\/produkt\/spider-inox-premium-trampoline\/","og_locale":"sk_SK","og_type":"article","og_title":"SPIDER INOX PREMIUM trampoline - World Jumping","og_description":"Our stainless steel - Series \"premium\" is for professional as well as for commercial use!  Our warranty conditions:   Steel construction \u2013 6 years  Jumping mat \u2013 6 years  Rubber belt \u2013 up to 200 jumping hours  If you are interested in a larger number of pieces, contact us at info@worldjumping.com","og_url":"https:\/\/worldjumping.com\/sk\/produkt\/spider-inox-premium-trampoline\/","og_site_name":"World Jumping","article_modified_time":"2024-08-22T08:17:54+00:00","og_image":[{"width":1707,"height":2560,"url":"https:\/\/worldjumping.com\/wp-content\/uploads\/2020\/08\/sprinter2-scaled.jpg","type":"image\/jpeg"}],"twitter_card":"summary_large_image","schema":{"@context":"https:\/\/schema.org","@graph":[{"@type":"WebPage","@id":"https:\/\/worldjumping.com\/product\/spider-inox-premium-trampoline\/","url":"https:\/\/worldjumping.com\/product\/spider-inox-premium-trampoline\/","name":"SPIDER INOX PREMIUM trampoline - World Jumping","isPartOf":{"@id":"https:\/\/worldjumping.com\/#website"},"primaryImageOfPage":{"@id":"https:\/\/worldjumping.com\/product\/spider-inox-premium-trampoline\/#primaryimage"},"image":{"@id":"https:\/\/worldjumping.com\/product\/spider-inox-premium-trampoline\/#primaryimage"},"thumbnailUrl":"https:\/\/worldjumping.com\/wp-content\/uploads\/2020\/08\/sprinter2-scaled.jpg","datePublished":"2020-10-16T08:10:45+00:00","dateModified":"2024-08-22T08:17:54+00:00","breadcrumb":{"@id":"https:\/\/worldjumping.com\/product\/spider-inox-premium-trampoline\/#breadcrumb"},"inLanguage":"sk-SK","potentialAction":[{"@type":"ReadAction","target":["https:\/\/worldjumping.com\/product\/spider-inox-premium-trampoline\/"]}]},{"@type":"ImageObject","inLanguage":"sk-SK","@id":"https:\/\/worldjumping.com\/product\/spider-inox-premium-trampoline\/#primaryimage","url":"https:\/\/worldjumping.com\/wp-content\/uploads\/2020\/08\/sprinter2-scaled.jpg","contentUrl":"https:\/\/worldjumping.com\/wp-content\/uploads\/2020\/08\/sprinter2-scaled.jpg","width":1707,"height":2560},{"@type":"BreadcrumbList","@id":"https:\/\/worldjumping.com\/product\/spider-inox-premium-trampoline\/#breadcrumb","itemListElement":[{"@type":"ListItem","position":1,"name":"Home","item":"https:\/\/worldjumping.com\/"},{"@type":"ListItem","position":2,"name":"Shop","item":"https:\/\/worldjumping.com\/shop\/"},{"@type":"ListItem","position":3,"name":"SPIDER INOX PREMIUM trampoline"}]},{"@type":"WebSite","@id":"https:\/\/worldjumping.com\/#website","url":"https:\/\/worldjumping.com\/","name":"World Jumping","description":"Jump Up Your Life !","publisher":{"@id":"https:\/\/worldjumping.com\/#organization"},"potentialAction":[{"@type":"SearchAction","target":{"@type":"EntryPoint","urlTemplate":"https:\/\/worldjumping.com\/?s={search_term_string}"},"query-input":{"@type":"PropertyValueSpecification","valueRequired":true,"valueName":"search_term_string"}}],"inLanguage":"sk-SK"},{"@type":"Organization","@id":"https:\/\/worldjumping.com\/#organization","name":"World Jumping","url":"https:\/\/worldjumping.com\/","logo":{"@type":"ImageObject","inLanguage":"sk-SK","@id":"https:\/\/worldjumping.com\/#\/schema\/logo\/image\/","url":"https:\/\/worldjumping.com\/wp-content\/uploads\/2018\/05\/logo_WJP_W_R.png","contentUrl":"https:\/\/worldjumping.com\/wp-content\/uploads\/2018\/05\/logo_WJP_W_R.png","width":300,"height":133,"caption":"World Jumping"},"image":{"@id":"https:\/\/worldjumping.com\/#\/schema\/logo\/image\/"}}]}},"_links":{"self":[{"href":"https:\/\/worldjumping.com\/sk\/wp-json\/wp\/v2\/product\/454","targetHints":{"allow":["GET"]}}],"collection":[{"href":"https:\/\/worldjumping.com\/sk\/wp-json\/wp\/v2\/product"}],"about":[{"href":"https:\/\/worldjumping.com\/sk\/wp-json\/wp\/v2\/types\/product"}],"replies":[{"embeddable":true,"href":"https:\/\/worldjumping.com\/sk\/wp-json\/wp\/v2\/comments?post=454"}],"wp:featuredmedia":[{"embeddable":true,"href":"https:\/\/worldjumping.com\/sk\/wp-json\/wp\/v2\/media\/715"}],"wp:attachment":[{"href":"https:\/\/worldjumping.com\/sk\/wp-json\/wp\/v2\/media?parent=454"}],"wp:term":[{"taxonomy":"product_brand","embeddable":true,"href":"https:\/\/worldjumping.com\/sk\/wp-json\/wp\/v2\/product_brand?post=454"},{"taxonomy":"product_cat","embeddable":true,"href":"https:\/\/worldjumping.com\/sk\/wp-json\/wp\/v2\/product_cat?post=454"},{"taxonomy":"product_tag","embeddable":true,"href":"https:\/\/worldjumping.com\/sk\/wp-json\/wp\/v2\/product_tag?post=454"}],"curies":[{"name":"wp","href":"https:\/\/api.w.org\/{rel}","templated":true}]}}